{"id":2450,"date":"2025-07-24T10:15:57","date_gmt":"2025-07-24T08:15:57","guid":{"rendered":"https:\/\/keriwa.webers-webdesign.de\/ausstellungen\/"},"modified":"2025-11-23T16:14:54","modified_gmt":"2025-11-23T15:14:54","slug":"exhibitions","status":"publish","type":"page","link":"https:\/\/keriwa.webers-webdesign.de\/en\/exhibitions\/","title":{"rendered":"Exhibitions"},"content":{"rendered":"<div id='av_section_1'  class='avia-section av-4evkkh-f9f10545596c36458d72b0d4de89c812 main_color avia-section-default avia-no-border-styling  avia-builder-el-0  avia-builder-el-no-sibling  avia-bg-style-scroll container_wrap fullsize'  ><div class='container av-section-cont-open' ><main  role=\"main\" itemprop=\"mainContentOfPage\"  class='template-page content  av-content-full alpha units'><div class='post-entry post-entry-type-page post-entry-2450'><div class='entry-content-wrapper clearfix'>\n<div  class='flex_column av-1votk1-00f8fa8ed5736c01c54eb7fb317a5b92 av_one_full  avia-builder-el-1  avia-builder-el-no-sibling  first flex_column_div  '     ><p>\n<style type=\"text\/css\" data-created_by=\"avia_inline_auto\" id=\"style-css-av-mdh4bci8-6f8d7e02e9ef0d403e1fe1ec943c8470\">\n#top .av-special-heading.av-mdh4bci8-6f8d7e02e9ef0d403e1fe1ec943c8470{\npadding-bottom:10px;\n}\nbody .av-special-heading.av-mdh4bci8-6f8d7e02e9ef0d403e1fe1ec943c8470 .av-special-heading-tag .heading-char{\nfont-size:25px;\n}\n.av-special-heading.av-mdh4bci8-6f8d7e02e9ef0d403e1fe1ec943c8470 .av-subheading{\nfont-size:15px;\n}\n<\/style>\n<div  class='av-special-heading av-mdh4bci8-6f8d7e02e9ef0d403e1fe1ec943c8470 av-special-heading-h3 blockquote modern-quote  avia-builder-el-2  el_before_av_textblock  avia-builder-el-first '><h3 class='av-special-heading-tag '  itemprop=\"headline\"  >Exhibitions<\/h3><div class=\"special-heading-border\"><div class=\"special-heading-inner-border\"><\/div><\/div><\/div><br \/>\n<section  class='av_textblock_section av-mdh49njz-7d19e426b6316c3dad5c5fafcb5f4da8 '   itemscope=\"itemscope\" itemtype=\"https:\/\/schema.org\/CreativeWork\" ><div class='avia_textblock'  itemprop=\"text\" ><table class=\"text\" border=\"0\" width=\"100%\" cellspacing=\"10\" cellpadding=\"0\">\n<tbody>\n<tr>\n<td valign=\"top\">2025<\/td>\n<td valign=\"top\">\n<ul>\n<li>Group exhibition with Algarve Art Network AAN Blue Planet\/Planeta Azul, Museu de Portim\u00e3o, Portim\u00e3o, Portugal<\/li>\n<li>Arte no Campo, land art project with 14 international artists &#8220;the artist dream&#8221; Almancil, Portugal<\/li>\n<li>Group exhibition &#8220;Pausa&#8221;, Repulica 14 Cultural Centre, Olhao, Portugal<\/li>\n<li>Solo exhibition &#8220;Spaces in Between&#8221;, Society for International Cooperation (GIZ), Bonn<\/li>\n<\/ul>\n<\/td>\n<\/tr>\n<tr>\n<td valign=\"top\">2024<\/td>\n<td valign=\"top\">\n<ul>\n<li>Art fair &#8220;Cheap Art Sensation Deluxe&#8221;, Bonn<\/li>\n<li>Exhibition &#8220;Transformation&#8221;, Kunstverein Bad Godesberg, Bonn<\/li>\n<li>Group exhibition Artists for Hope, Galeria Santo Ant\u00f3nio, Monchique, Portugal<\/li>\n<\/ul>\n<\/td>\n<\/tr>\n<tr>\n<td valign=\"top\">2023<\/td>\n<td valign=\"top\">\n<ul>\n<li>Algarve Art Fair, Portimao, February<\/li>\n<li>Algarve Art Fair, Portimao, September<\/li>\n<\/ul>\n<\/td>\n<\/tr>\n<tr>\n<td valign=\"top\">2022<\/td>\n<td valign=\"top\">\n<ul>\n<li>Group exhibition &#8220;Metamorfoses&#8221; at MU.SA, Museu das Artes de Sintra, Sintra, Portugal<\/li>\n<li>Group exhibition &#8220;Transforma\u00e7\u00f5es&#8221; at Museu de Faro, Faro, Portugal<\/li>\n<li>Group exhibition &#8220;Transforma\u00e7\u00f5es&#8221; at Ant\u00f3nio Aleixo Cultural Centre, Vila Real de Santo Ant\u00f3nio, Portugal<\/li>\n<\/ul>\n<\/td>\n<\/tr>\n<tr>\n<td valign=\"top\">2021<\/td>\n<td valign=\"top\">\n<ul>\n<li>All planned exhibitions cancelled due to Covid-19<\/li>\n<\/ul>\n<\/td>\n<\/tr>\n<tr>\n<td valign=\"top\">2020<\/td>\n<td valign=\"top\">\n<ul>\n<li>Solo exhibition &#8220;SPACES IN BETWEEN&#8221;, Cultural Centre, CCL Lagos, Lagos, Portugal<\/li>\n<li>Exhibition &#8220;Transformation&#8221;, Kunstverein Bad Godesberg, Bonn, cancelled<\/li>\n<\/ul>\n<\/td>\n<\/tr>\n<tr>\n<td valign=\"top\">2019<\/td>\n<td valign=\"top\">\n<ul>\n<li>Solo exhibition at the Friedenskirche, Schladern<\/li>\n<li>Group exhibition with Algarve Artist Network (AAN) &#8220;Transforma\u00e7\u00f5es na Natureza&#8221; Centre Cultural Lagos, Portugal<\/li>\n<li>Artist residency in Guarda<\/li>\n<li>Group exhibition at the Museu de Guarda, Portugal<\/li>\n<\/ul>\n<\/td>\n<\/tr>\n<tr>\n<td valign=\"top\">2018<\/td>\n<td valign=\"top\">\n<ul>\n<li>Solo exhibition at LIR Gallery, Lagoa, Portugal<\/li>\n<li>Group exhibition &#8220;Transforma\u00e7\u00f5es na Natureza&#8221; Museu de Guarda, Portugal<\/li>\n<li>Group exhibition with AAN, &#8220;Arte na Marina de Albufeira&#8221;<\/li>\n<li>Hennefer Kunsttage, art fair Meys-Fabrik Hennef<\/li>\n<\/ul>\n<\/td>\n<\/tr>\n<tr>\n<td valign=\"top\">2017<\/td>\n<td valign=\"top\">\n<ul>\n<li>Exhibition verNetzt, Junges Forum Kunst, Siegburg<\/li>\n<li>Land art project with AAN in Almancil, Portugal<\/li>\n<li>Solo exhibition &#8220;Agosto azul&#8221; Museu de Portimao, Portugal<\/li>\n<li>Group exhibition &#8220;greenery&#8221; Galerie 681, Cologne Rodenkirchen<\/li>\n<li>Solo exhibition &#8220;Varia\u00e7\u00f5es din\u00e2micas&#8221; Antigos Pa\u00e7os do Cocelho, Cultural Centre Lagos<\/li>\n<\/ul>\n<\/td>\n<\/tr>\n<tr>\n<td valign=\"top\">2016<\/td>\n<td valign=\"top\">\n<ul>\n<li>Accrocharge Gallery Rosemarie Bassi, Remagen<\/li>\n<li>Exhibition &#8220;Morphology of Archive&#8221; MOG, Museum of Goa, India<\/li>\n<li>Exhibition Galerie Sassen, Schladern<\/li>\n<li>Solo exhibition &#8220;Variations in Dynamics Galerio, art gallery rio Arade, Parchal, Portugal<\/li>\n<li>Exhibition with AAN &#8220;Tranformacaos da Naturez&#8221;, Centro Cultural Ant\u00f3nio Aleixo, Vila Real de Santo Ant\u00f3nio, Portugal<\/li>\n<\/ul>\n<\/td>\n<\/tr>\n<tr>\n<td valign=\"top\">2015<\/td>\n<td valign=\"top\">\n<ul>\n<li>Group Exhibition Galeria Arte Algarve, Ferragudo, Portugal<\/li>\n<li>International Artist Residency in Goa, India<\/li>\n<li>Group Exhibition Gallery Art Chamber, Calangute, Goa, India<\/li>\n<li>Group Exhibition Arte Algarve Open XII, Lagoa, Portugal<\/li>\n<li>Group Exhibition with AAN &#8220;Eu gosto de ti quer venhas do c\u00e9u , da terra ou do mar&#8230;&#8221; Galer\u00eda do Estoril, Portugal<\/li>\n<li>Group Exhibition &#8220;Blue Planet&#8221; Galeria Arte Algarve, Lagoa, Portugal<\/li>\n<li>Group Exhibition with AAN &#8220;50th Anniversary Faro Airport&#8221; Faro, Portugal<\/li>\n<li>Private exhibition at Eichholz Castle, Wesseling<\/li>\n<li>Group Exhibition with AAN. &#8220;Arte na Marina de Lagos&#8221; Lagos, Portugal<\/li>\n<li>Art Class &#8220;The Power of Colour&#8221; Heimbach Art Academy<\/li>\n<li>Exhibition with G. Bartels and A. Alonso, Fabrik der K\u00fcnste, Hamburg, Germany<\/li>\n<\/ul>\n<\/td>\n<\/tr>\n<tr>\n<td valign=\"top\">2014<\/td>\n<td valign=\"top\">\n<ul>\n<li>40 Years of BBK Bonn Rhein-Sieg, Artists&#8217; Forum Bonn, Germany<\/li>\n<li>Group exhibition Arte Algarve X, Lagoa, Portugal<\/li>\n<li>Heimbach Art Academy, Power of Colour I + II<\/li>\n<li>Group exhibition with AAN &#8220;Da Terra e do Mar&#8221;, Museu de Portim\u00e3o, Portugal<\/li>\n<li>Group exhibition Arte Algarve Open XI, Lagoa, Portugal<\/li>\n<li>Heimbach Art Academy, Power of Colour I + II<\/li>\n<li>Accrochage Galerie Rosemarie Bassi, Remagen, Germany<\/li>\n<li>Accrochage Galerie Vetter, D\u00fcren, Germany<\/li>\n<li>Accrochage Galerie Hexagone, Aachen, Germany<\/li>\n<\/ul>\n<\/td>\n<\/tr>\n<tr>\n<td valign=\"top\">2013<\/td>\n<td valign=\"top\">\n<ul>\n<li>Heimbach Art Academy, Power of Colour I + II<\/li>\n<li>Group exhibition Arte Algarve VIII, Lagoa, Portugal<\/li>\n<li>Group exhibition with AAN, Cultural Centre, Lagos, Portugal<\/li>\n<li>Group exhibition &#8220;Women in World Religions&#8221;, Women&#8217;s Museum Bonn, Germany<\/li>\n<li>Arte-Binningen, International Art Fair, Binningen, Switzerland<\/li>\n<\/ul>\n<\/td>\n<\/tr>\n<tr>\n<td valign=\"top\">2012<\/td>\n<td valign=\"top\">\n<ul>\n<li>Solo exhibition Galerie Hexagone, Aachen, Germany<\/li>\n<li>Group exhibition Galerie 681, Cologne-Rodenkirchen, Germany<\/li>\n<li>Group exhibition with AAN, Museu da \u00c1gua, Lisbon, Portugal<\/li>\n<li>Accrochage Galerie Rosemarie Bassi, Remagen, Germany<\/li>\n<li>Exhibition &#8220;Portuguese Excursions&#8221; with Antonio Alonso and Gudrun Barthels<\/li>\n<li>Galerie Alte Feuerwache, G\u00f6ttingen, Germany<\/li>\n<\/ul>\n<\/td>\n<\/tr>\n<tr>\n<td valign=\"top\">2011<\/td>\n<td valign=\"top\">\n<ul>\n<li>Solo exhibition, &#8220;Wide Sky \u2013 Wide Land&#8221;, Lukaskirche, Bonn, Germany<\/li>\n<li>Group exhibition with AAN, Ria Formosa Park, Olh\u00e3o, Portugal<\/li>\n<li>Solo exhibition, Galerie Rosemarie Bassi, Remagen, Germany<\/li>\n<li>Group exhibition &#8220;H20&#8221; with AAN Galeria Municipal Albufeira, Portugal<\/li>\n<li>Group exhibition with AAN Lagos, Portugal<\/li>\n<li>Exhibition with David Trubshaw Convento S. Jose, Lagoa, Portugal<\/li>\n<\/ul>\n<\/td>\n<\/tr>\n<tr>\n<td valign=\"top\">2010<\/td>\n<td valign=\"top\">\n<ul>\n<li>Group exhibition Galerie 681, Cologne-Rodenkirchen, Germany<\/li>\n<li>Group exhibition &#8220;Paperworks&#8221; Galerie 681, Cologne-Rodenkirchen, Germany<\/li>\n<li>Art Fair &#8220;ARTE ALGARVE&#8221;, Ferragudo, Portugal<\/li>\n<li>Group exhibition &#8220;6 Richtige mit Zusatzzahl&#8221; at Galerie Haxagone, Aachen, Germany<\/li>\n<li>Solo exhibition Galerie 681, Cologne-Rodenkirchen, Germany<\/li>\n<li>Partner exhibition at the Landgericht, Bonn, Germany<\/li>\n<li>Group exhibition &#8220;Number&#8221;, Gallery 21, Loul\u00e9, Portugal<\/li>\n<\/ul>\n<\/td>\n<\/tr>\n<tr>\n<td valign=\"top\">2009<\/td>\n<td valign=\"top\">\n<ul>\n<li>Exhibition Gallery art veritas, G\u00f6teborg, Sweden<\/li>\n<li>Group exhibition Gallery Oscar&#8217;s Arte Contemporanea, Lisboa, Portugal<\/li>\n<li>Group exhibition Kunsthalle am Gottesweg 46, Cologne, Germany<\/li>\n<li>Group exhibition ARTSPACE K2, Remagen, Germany<\/li>\n<\/ul>\n<\/td>\n<\/tr>\n<tr>\n<td valign=\"top\">2008<\/td>\n<td valign=\"top\">\n<ul>\n<li>Group exhibition Convento San Jos\u00e9, Lagoa, Portugal<\/li>\n<li>Solo &amp; group exhibition Galeria de Arte Pra\u00e7a do Mar, Quarteira, Portugal<\/li>\n<li>Art Fair &#8220;Art Nordic&#8221;, G\u00f6teborg, Sweden<\/li>\n<li>Solo exhibition Kaiser-Karl-Klinik, Bonn, Germany<\/li>\n<\/ul>\n<\/td>\n<\/tr>\n<tr>\n<td valign=\"top\">2007<\/td>\n<td valign=\"top\">\n<ul>\n<li>Solo exhibition Galeria Corrente d&#8217;Arte, Lisboa, Portugal<\/li>\n<li>Group exhibition Museu do Trajo, S\u00e2o Bras de Alportel, Portugal<\/li>\n<li>Solo exhibition DRK Krankenhaus, Neuwied, Germany<\/li>\n<li>Yearly solo exhibitions since 2001 Armazem Regimental, Lagos, Portugal<\/li>\n<\/ul>\n<\/td>\n<\/tr>\n<tr>\n<td valign=\"top\">2006<\/td>\n<td valign=\"top\">\n<ul>\n<li>Solo exhibition Convento San Jos\u00e9, Lagoa, Portugal<\/li>\n<li>Solo exhibition Galeria Porca Preta, Monchique, Portugal<\/li>\n<li>Group exhibition Produzentengalerie Fronhofer Galeria, Bonn Bad Godesberg, Germany<\/li>\n<\/ul>\n<\/td>\n<\/tr>\n<tr>\n<td valign=\"top\">2005<\/td>\n<td valign=\"top\">\n<ul>\n<li>Solo exhibition Panda Art Galeria, Almancil, Portugal<\/li>\n<li>Solo exhibition &#8220;hooked on blue&#8221;, Galeria Silva Guerreiro, Almancil, Portugal<\/li>\n<li>Solo exhibition Centro de Arte Contemporanea da Camera Amadora, Lisboa, Portugal<\/li>\n<li>Group exhibition &#8220;Musica&#8221;, Galeria Inter Atrium, Porto, Portugal<\/li>\n<li>Group exhibition Aura Galery, Praia da Luz, Portugal<\/li>\n<\/ul>\n<\/td>\n<\/tr>\n<tr>\n<td valign=\"top\">2004<\/td>\n<td valign=\"top\">\n<ul>\n<li>Group exhibition Galeria Porca Preta, Monchique, Portugal<\/li>\n<li>Group exhibition Galleri Scandinavia, Goteburg, Sweden<\/li>\n<li>Group exhibition Galeria Interatrium, Barcelona, Spain<\/li>\n<\/ul>\n<\/td>\n<\/tr>\n<tr>\n<td valign=\"top\">2003<\/td>\n<td valign=\"top\">\n<ul>\n<li>Solo exhibition AOK-Bundesverband, Bonn, Germany<\/li>\n<li>Art fair Kunstmesse Westfalenhalle, Dortmund, Germany<\/li>\n<li>Solo exhibition Galeria Mar\u00e9 D&#8217;ARTE, Carvoeiro, Portugal<\/li>\n<li>Group exhibition Galeria Inter Atrium, Porto, Portugal<\/li>\n<li>Art fair &#8220;Kunstmesse&#8221;, Frauenmuseum, Bonn, Germany<\/li>\n<\/ul>\n<\/td>\n<\/tr>\n<tr>\n<td valign=\"top\">2002<\/td>\n<td valign=\"top\">\n<ul>\n<li>Solo exhibition Galerie Mensch, Hamburg, Germany<\/li>\n<li>Group exhibition Galeria Mar\u00e9 D&#8217;ARTE, Carvoeiro, Portugal<\/li>\n<li>Group exhibition Galerie Alento, Regensburg, Germany<\/li>\n<li>Solo exhibition Architekturb\u00fcro Klingel, Stuttgart, Germany<\/li>\n<\/ul>\n<\/td>\n<\/tr>\n<tr>\n<td valign=\"top\">2001<\/td>\n<td valign=\"top\">\n<ul>\n<li>Solo exhibition Galeria Mar\u00e9 D&#8217;ARTE, Carvoeiro, Portugal<\/li>\n<li>Group exhibition &#8220;Das kleine Format&#8221;&#8221;, Haus an der Redoute, Bonn, Germany<\/li>\n<\/ul>\n<\/td>\n<\/tr>\n<tr>\n<td valign=\"top\">2000<\/td>\n<td valign=\"top\">\n<ul>\n<li>Group exhibition &#8220;Land Art Projekt am Rhein&#8221;, Bad Honnef, Germany<\/li>\n<\/ul>\n<\/td>\n<\/tr>\n<tr>\n<td valign=\"top\">1999<\/td>\n<td valign=\"top\">\n<ul>\n<li>Group exhibition &#8220;25 Jahre BBK&#8221;, K\u00fcnstlerforum, Bonn, Germany<\/li>\n<li>Group exhibition Indigo Art Galeria, Lagoa, Portugal<\/li>\n<\/ul>\n<\/td>\n<\/tr>\n<tr>\n<td valign=\"top\">1997<\/td>\n<td valign=\"top\">\n<ul>\n<li>Solo exhibition Bayram Communications, Bonn Bad Godesberg, Germany<\/li>\n<li>Group exhibition &#8220;blaus\u00fcchtig&#8221;, ARTelier, Remagen, Germany<\/li>\n<\/ul>\n<\/td>\n<\/tr>\n<tr>\n<td valign=\"top\">1996<\/td>\n<td valign=\"top\">\n<ul>\n<li>Group exhibition Galerie am G\u00fcrzenich, Cologne, Germany<\/li>\n<li>Permanent exhibition from 1994 Multimedia Galerie, Cologne &amp; Bonn, Germany<\/li>\n<\/ul>\n<\/td>\n<\/tr>\n<tr>\n<td valign=\"top\">1994<\/td>\n<td valign=\"top\">\n<ul>\n<li>Solo exhibition Bank f\u00fcr Sozialwirtschaft, Cologne, Germany<\/li>\n<li>Frequent participation in group exhibitions InterART Galerie, Cologne, Germany<\/li>\n<li>Group exhibition Galerie Sternenburg, Bonn, Germany<\/li>\n<li>Group exhibition &#8220;20 Jahre BBK Bonn\/Rhein-Sieg &#8211; Die andere Kunstmeile&#8221;, K\u00fcnstlerforum, Bonn, Germany<\/li>\n<\/ul>\n<\/td>\n<\/tr>\n<tr>\n<td valign=\"top\">1993<\/td>\n<td valign=\"top\">\n<ul>\n<li>Solo exhibition ABC Zentrum, Ittenbach, Germany<\/li>\n<li>Art fair &#8220;K\u00fcnstlerinnen Messe&#8221;, Frauenmuseum, Bonn, Germany<\/li>\n<li>Solo exhibition Stadtwerke, Troisdorf, Germany<\/li>\n<\/ul>\n<\/td>\n<\/tr>\n<tr>\n<td valign=\"top\">1992<\/td>\n<td valign=\"top\">\n<ul>\n<li>Group exhibition &#8220;KU 30&#8221;, Galerie Umbruch, Ehingen, Germany<\/li>\n<li>Group exhibition &#8220;Licht und Schatten&#8221;, Rathaus, Siegburg, Germany<\/li>\n<\/ul>\n<\/td>\n<\/tr>\n<tr>\n<td valign=\"top\">1991<\/td>\n<td valign=\"top\">\n<ul>\n<li>Solo exhibition Tapetenfabrik, Bonn, Germany<\/li>\n<li>TV feature &#8220;Drei vor Mitternacht&#8221; on WDR-3, Germany<\/li>\n<li>Group exhibition &#8220;Graphische Sequenzen&#8221; by BBK, K\u00fcnstlerforum, Bonn, Germany<\/li>\n<\/ul>\n<\/td>\n<\/tr>\n<tr>\n<td valign=\"top\">1988<\/td>\n<td valign=\"top\">\n<ul>\n<li>Solo exhibition Galerie Medallion, Bonn, Germany<\/li>\n<\/ul>\n<\/td>\n<\/tr>\n<tr>\n<td valign=\"top\">1987<\/td>\n<td valign=\"top\">\n<ul>\n<li>Solo exhibition B\u00fcrgerhaus, Troisdorf, Germany<\/li>\n<\/ul>\n<\/td>\n<\/tr>\n<tr>\n<td valign=\"top\">1985<\/td>\n<td valign=\"top\">\n<ul>\n<li>Solo exhibition Deutzer K\u00fcnstlerbahnhof, K\u00f6ln, Germany<\/li>\n<li>Group exhibition Galerie Smend, K\u00f6ln, Germany<\/li>\n<\/ul>\n<\/td>\n<\/tr>\n<\/tbody>\n<\/table>\n<\/div><\/section><\/p><\/div>\n","protected":false},"excerpt":{"rendered":"","protected":false},"author":1,"featured_media":2740,"parent":0,"menu_order":0,"comment_status":"closed","ping_status":"closed","template":"","meta":{"footnotes":""},"class_list":["post-2450","page","type-page","status-publish","has-post-thumbnail","hentry"],"_links":{"self":[{"href":"https:\/\/keriwa.webers-webdesign.de\/en\/wp-json\/wp\/v2\/pages\/2450","targetHints":{"allow":["GET"]}}],"collection":[{"href":"https:\/\/keriwa.webers-webdesign.de\/en\/wp-json\/wp\/v2\/pages"}],"about":[{"href":"https:\/\/keriwa.webers-webdesign.de\/en\/wp-json\/wp\/v2\/types\/page"}],"author":[{"embeddable":true,"href":"https:\/\/keriwa.webers-webdesign.de\/en\/wp-json\/wp\/v2\/users\/1"}],"replies":[{"embeddable":true,"href":"https:\/\/keriwa.webers-webdesign.de\/en\/wp-json\/wp\/v2\/comments?post=2450"}],"version-history":[{"count":9,"href":"https:\/\/keriwa.webers-webdesign.de\/en\/wp-json\/wp\/v2\/pages\/2450\/revisions"}],"predecessor-version":[{"id":2908,"href":"https:\/\/keriwa.webers-webdesign.de\/en\/wp-json\/wp\/v2\/pages\/2450\/revisions\/2908"}],"wp:featuredmedia":[{"embeddable":true,"href":"https:\/\/keriwa.webers-webdesign.de\/en\/wp-json\/wp\/v2\/media\/2740"}],"wp:attachment":[{"href":"https:\/\/keriwa.webers-webdesign.de\/en\/wp-json\/wp\/v2\/media?parent=2450"}],"curies":[{"name":"wp","href":"https:\/\/api.w.org\/{rel}","templated":true}]}}